{"id":10369,"date":"2021-05-31T14:46:32","date_gmt":"2021-05-31T12:46:32","guid":{"rendered":"https:\/\/juco.aveex.net\/?page_id=10369"},"modified":"2021-06-18T14:55:30","modified_gmt":"2021-06-18T12:55:30","slug":"contact","status":"publish","type":"page","link":"https:\/\/juco.com.pl\/ru\/contact\/","title":{"rendered":"Contact"},"content":{"rendered":"[vc_row type=&#187;in_container&#187; full_screen_row_position=&#187;middle&#187; column_margin=&#187;40px&#187; column_direction=&#187;default&#187; column_direction_tablet=&#187;default&#187; column_direction_phone=&#187;default&#187; scene_position=&#187;center&#187; top_padding=&#187;100&#8243; bottom_padding=&#187;100&#8243; text_color=&#187;dark&#187; text_align=&#187;left&#187; row_border_radius=&#187;none&#187; row_border_radius_applies=&#187;bg&#187; overlay_strength=&#187;0.3&#8243; gradient_direction=&#187;left_to_right&#187; shape_divider_position=&#187;bottom&#187; bg_image_animation=&#187;none&#187; shape_type=&#187;&#187;][vc_column column_padding=&#187;no-extra-padding&#187; column_padding_tablet=&#187;inherit&#187; column_padding_phone=&#187;inherit&#187; column_padding_position=&#187;all&#187; background_color_opacity=&#187;1&#8243; background_hover_color_opacity=&#187;1&#8243; column_shadow=&#187;none&#187; column_border_radius=&#187;none&#187; column_link_target=&#187;_self&#187; gradient_direction=&#187;left_to_right&#187; overlay_strength=&#187;0.3&#8243; width=&#187;1\/3&#8243; tablet_width_inherit=&#187;default&#187; tablet_text_alignment=&#187;default&#187; phone_text_alignment=&#187;default&#187; column_border_width=&#187;none&#187; column_border_style=&#187;solid&#187; bg_image_animation=&#187;none&#187;][vc_row_inner column_margin=&#187;default&#187; column_direction=&#187;default&#187; column_direction_tablet=&#187;default&#187; column_direction_phone=&#187;default&#187; text_align=&#187;left&#187;][vc_column_inner column_padding=&#187;padding-5-percent&#187; column_padding_tablet=&#187;inherit&#187; column_padding_phone=&#187;inherit&#187; column_padding_position=&#187;all&#187; background_color=&#187;#f4f4f4&#8243; background_color_opacity=&#187;1&#8243; background_hover_color_opacity=&#187;1&#8243; column_shadow=&#187;none&#187; column_border_radius=&#187;5px&#187; column_link_target=&#187;_self&#187; gradient_direction=&#187;left_to_right&#187; overlay_strength=&#187;0.3&#8243; width=&#187;1\/1&#8243; tablet_width_inherit=&#187;default&#187; column_border_width=&#187;none&#187; column_border_style=&#187;solid&#187; bg_image_animation=&#187;none&#187;][image_with_animation image_url=&#187;6815&#8243; animation=&#187;Fade In&#187; hover_animation=&#187;none&#187; alignment=&#187;&#187; border_radius=&#187;none&#187; box_shadow=&#187;none&#187; image_loading=&#187;default&#187; max_width=&#187;50%&#187; max_width_mobile=&#187;default&#187;][divider line_type=&#187;No Line&#187; custom_height=&#187;30&#8243;][vc_column_text]<b>Producent Narz\u0119dzi<br \/>\nJUCO Sp\u00f3\u0142ka z o.o.<\/b><br \/>\nul. Wolno\u015bci 21<br \/>\n32-440 Su\u0142kowice<br \/>\nNIP 681 18 18 163<br \/>\nKRS 0000073257<\/p>\n<p><small>S\u0105d Rejonowy dla Krakowa-\u015ar\u00f3dmie\u015bcia w Krakowie XII Wydzia\u0142 Gospodarczy Krajowego Rejestru S\u0105dowego<br \/>\nKapita\u0142 zak\u0142adowy: 2.000.000 z\u0142<\/small>[\/vc_column_text][\/vc_column_inner][\/vc_row_inner][\/vc_column][vc_column column_padding=&#187;no-extra-padding&#187; column_padding_tablet=&#187;inherit&#187; column_padding_phone=&#187;inherit&#187; column_padding_position=&#187;all&#187; background_color_opacity=&#187;1&#8243; background_hover_color_opacity=&#187;1&#8243; column_shadow=&#187;none&#187; column_border_radius=&#187;none&#187; column_link_target=&#187;_self&#187; gradient_direction=&#187;left_to_right&#187; overlay_strength=&#187;0.3&#8243; width=&#187;2\/3&#8243; tablet_width_inherit=&#187;default&#187; tablet_text_alignment=&#187;default&#187; phone_text_alignment=&#187;default&#187; column_border_width=&#187;none&#187; column_border_style=&#187;solid&#187; bg_image_animation=&#187;none&#187;][vc_column_text]\n<h3>\u041a\u043e\u043d\u0442\u0430\u043a\u0442\u043d\u0430\u044f \u0438\u043d\u0444\u043e\u0440\u043c\u0430\u0446\u0438\u044f:<\/h3>\n<table>\n<tbody>\n<tr>\n<td><strong>\u041e\u0442\u0434\u0435\u043b<\/strong><\/td>\n<td>\u0422\u0435\u043b\u0435\u0444\u043e\u043d<\/td>\n<td>E-mail<\/td>\n<\/tr>\n<tr>\n<td><strong>\u0421\u0435\u043a\u0440\u0435\u0442\u0430\u0440\u0438\u0430\u0442<\/strong><\/td>\n<td>+48 122 732 030<\/td>\n<td><a href=\"mailto:biuro@juco.com.pl\">biuro@juco.com.pl<\/a><\/td>\n<\/tr>\n<tr>\n<td><strong>\u0411\u0443\u0445\u0433\u0430\u043b\u0442\u0435\u0440\u0438\u044f<\/strong><\/td>\n<td>+48 604 961 446<\/td>\n<td><a href=\"mailto:e-faktury@juco.com.pl\">e-faktury@juco.com.pl<\/a><\/td>\n<\/tr>\n<tr>\n<td><strong>\u041e\u0442\u0434\u0435\u043b \u043a\u0430\u0434\u0440\u043e\u0432<\/strong><\/td>\n<td>+48 122 732 116<\/td>\n<td><a href=\"mailto:kadry@juco.com.pl\">kadry@juco.com.pl<\/a><\/td>\n<\/tr>\n<tr>\n<td><strong>\u041e\u0442\u0434\u0435\u043b \u0441\u043d\u0430\u0431\u0436\u0435\u043d\u0438\u044f<\/strong><\/td>\n<td>+48 122 732 162<\/td>\n<td><a href=\"mailto:zaopatrzenie@juco.com.pl\">zaopatrzenie@juco.com.pl<\/a><\/td>\n<\/tr>\n<tr>\n<td rowspan=\"2\"><strong>\u041e\u0442\u0434\u0435\u043b \u0432\u043d\u0443\u0442\u0440\u0435\u043d\u043d\u0438\u0445 \u043f\u0440\u043e\u0434\u0430\u0436 \u0438 \u0442\u043e\u0440\u0433\u043e\u0432\u043b\u0438<\/strong><\/td>\n<td>+48 122 732 231<\/td>\n<td rowspan=\"2\"><a href=\"mailto:juco@juco.com.pl\">juco@juco.com.pl<\/a><\/td>\n<\/tr>\n<tr>\n<td>+48 122 732 184<\/td>\n<\/tr>\n<tr>\n<td><strong>\u041e\u0442\u0434\u0435\u043b \u044d\u043a\u0441\u043f\u043e\u0440\u0442\u0430<\/strong><\/td>\n<td>+48 122 732 157<\/td>\n<td><a href=\"mailto:d.swiatlon@juco.com.pl\">d.swiatlon@juco.com.pl<\/a><\/td>\n<\/tr>\n<tr>\n<td><strong>\u041e\u0442\u0434\u0435\u043b \u043c\u0430\u0440\u043a\u0435\u0442\u0438\u043d\u0433\u0430<\/strong><\/td>\n<td>+48 122 732 184<\/td>\n<td><a href=\"mailto:b.swiatlon@juco.com.pl\">b.swiatlon@juco.com.pl<\/a><\/td>\n<\/tr>\n<tr>\n<td><strong>\u041f\u0440\u043e\u0438\u0437\u0432\u043e\u0434\u0441\u0442\u0432\u0435\u043d\u043d\u044b\u0439 \u043e\u0442\u0434\u0435\u043b<\/strong><\/td>\n<td>+48 122 732 157<\/td>\n<td><a href=\"mailto:staszek@juco.com.pl\">staszek@juco.com.pl<\/a><\/td>\n<\/tr>\n<\/tbody>\n<\/table>\n[\/vc_column_text][\/vc_column][\/vc_row][vc_row type=&#187;full_width_content&#187; full_screen_row_position=&#187;middle&#187; column_margin=&#187;default&#187; column_direction=&#187;default&#187; column_direction_tablet=&#187;default&#187; column_direction_phone=&#187;default&#187; bg_color=&#187;#ffffff&#187; scene_position=&#187;center&#187; text_color=&#187;dark&#187; text_align=&#187;left&#187; row_border_radius=&#187;none&#187; row_border_radius_applies=&#187;bg&#187; overlay_strength=&#187;0.3&#8243; gradient_direction=&#187;left_to_right&#187; shape_divider_position=&#187;bottom&#187; bg_image_animation=&#187;none&#187; shape_type=&#187;&#187;][vc_column column_padding=&#187;no-extra-padding&#187; column_padding_tablet=&#187;inherit&#187; column_padding_phone=&#187;inherit&#187; column_padding_position=&#187;all&#187; background_color_opacity=&#187;1&#8243; background_hover_color_opacity=&#187;1&#8243; column_shadow=&#187;none&#187; column_border_radius=&#187;none&#187; column_link_target=&#187;_self&#187; gradient_direction=&#187;left_to_right&#187; overlay_strength=&#187;0.3&#8243; width=&#187;1\/1&#8243; tablet_width_inherit=&#187;default&#187; tablet_text_alignment=&#187;default&#187; phone_text_alignment=&#187;default&#187; column_border_width=&#187;none&#187; column_border_style=&#187;solid&#187; bg_image_animation=&#187;none&#187;][nectar_gmap map_type=&#187;google&#187; zoom=&#187;6&#8243; enable_zoom=&#187;1&#8243; marker_style=&#187;default&#187; nectar_marker_color=&#187;accent-color&#187; size=&#187;600&#8243; map_center_lat=&#187;50.98551588248587&#8243; map_center_lng=&#187;25.334866656250604&#8243; map_markers=&#187;49.835302|19.807574|Juco Polska<br \/>\n50.6896173180067|30.75516754266383|Juco Ukraine&#187;][\/vc_column][\/vc_row]\n","protected":false},"excerpt":{"rendered":"<p>[vc_row type=&#187;in_container&#187; full_screen_row_position=&#187;middle&#187; column_margin=&#187;40px&#187; column_direction=&#187;default&#187; column_direction_tablet=&#187;default&#187; column_direction_phone=&#187;default&#187; scene_position=&#187;center&#187; top_padding=&#187;100&#8243; bottom_padding=&#187;100&#8243; text_color=&#187;dark&#187; text_align=&#187;left&#187; row_border_radius=&#187;none&#187; row_border_radius_applies=&#187;bg&#187; overlay_strength=&#187;0.3&#8243; gradient_direction=&#187;left_to_right&#187; shape_divider_position=&#187;bottom&#187; bg_image_animation=&#187;none&#187; shape_type=&#187;&#187;][vc_column column_padding=&#187;no-extra-padding&#187; column_padding_tablet=&#187;inherit&#187; column_padding_phone=&#187;inherit&#187; column_padding_position=&#187;all&#187; background_color_opacity=&#187;1&#8243; background_hover_color_opacity=&#187;1&#8243; column_shadow=&#187;none&#187; column_border_radius=&#187;none&#187; column_link_target=&#187;_self&#187; gradient_direction=&#187;left_to_right&#187; overlay_strength=&#187;0.3&#8243;&#8230;<\/p>\n","protected":false},"author":2,"featured_media":0,"parent":0,"menu_order":0,"comment_status":"closed","ping_status":"closed","template":"","meta":[],"_links":{"self":[{"href":"https:\/\/juco.com.pl\/ru\/wp-json\/wp\/v2\/pages\/10369"}],"collection":[{"href":"https:\/\/juco.com.pl\/ru\/wp-json\/wp\/v2\/pages"}],"about":[{"href":"https:\/\/juco.com.pl\/ru\/wp-json\/wp\/v2\/types\/page"}],"author":[{"embeddable":true,"href":"https:\/\/juco.com.pl\/ru\/wp-json\/wp\/v2\/users\/2"}],"replies":[{"embeddable":true,"href":"https:\/\/juco.com.pl\/ru\/wp-json\/wp\/v2\/comments?post=10369"}],"version-history":[{"count":7,"href":"https:\/\/juco.com.pl\/ru\/wp-json\/wp\/v2\/pages\/10369\/revisions"}],"predecessor-version":[{"id":12646,"href":"https:\/\/juco.com.pl\/ru\/wp-json\/wp\/v2\/pages\/10369\/revisions\/12646"}],"wp:attachment":[{"href":"https:\/\/juco.com.pl\/ru\/wp-json\/wp\/v2\/media?parent=10369"}],"curies":[{"name":"wp","href":"https:\/\/api.w.org\/{rel}","templated":true}]}}