{"id":10340,"date":"2021-05-31T13:53:24","date_gmt":"2021-05-31T11:53:24","guid":{"rendered":"https:\/\/juco.aveex.net\/?page_id=10340"},"modified":"2021-05-31T13:53:24","modified_gmt":"2021-05-31T11:53:24","slug":"%d0%b3%d0%b4%d0%b5-%d0%ba%d1%83%d0%bf%d0%b8%d1%82%d1%8c","status":"publish","type":"page","link":"https:\/\/juco.com.pl\/ru\/%d0%b3%d0%b4%d0%b5-%d0%ba%d1%83%d0%bf%d0%b8%d1%82%d1%8c\/","title":{"rendered":"\u0413\u0434\u0435 \u043a\u0443\u043f\u0438\u0442\u044c"},"content":{"rendered":"[vc_row type=&#187;in_container&#187; full_screen_row_position=&#187;middle&#187; column_margin=&#187;50px&#187; column_direction=&#187;default&#187; column_direction_tablet=&#187;default&#187; column_direction_phone=&#187;default&#187; scene_position=&#187;center&#187; top_padding=&#187;100&#8243; text_color=&#187;dark&#187; text_align=&#187;left&#187; row_border_radius=&#187;none&#187; row_border_radius_applies=&#187;bg&#187; disable_element=&#187;yes&#187; overlay_strength=&#187;0.3&#8243; gradient_direction=&#187;left_to_right&#187; shape_divider_position=&#187;bottom&#187; bg_image_animation=&#187;none&#187; shape_type=&#187;&#187;][vc_column column_padding=&#187;no-extra-padding&#187; column_padding_tablet=&#187;inherit&#187; column_padding_phone=&#187;inherit&#187; column_padding_position=&#187;all&#187; background_color_opacity=&#187;1&#8243; background_hover_color_opacity=&#187;1&#8243; column_shadow=&#187;none&#187; column_border_radius=&#187;none&#187; column_link_target=&#187;_self&#187; gradient_direction=&#187;left_to_right&#187; overlay_strength=&#187;0.3&#8243; width=&#187;1\/2&#8243; tablet_width_inherit=&#187;default&#187; tablet_text_alignment=&#187;default&#187; phone_text_alignment=&#187;default&#187; column_border_width=&#187;none&#187; column_border_style=&#187;solid&#187; bg_image_animation=&#187;none&#187;][vc_column_text]\n<h3>Nasze produkty znajdziesz w:<\/h3>\n[\/vc_column_text][divider line_type=&#187;No Line&#187; custom_height=&#187;30&#8243;][vc_row_inner column_margin=&#187;default&#187; column_direction=&#187;default&#187; column_direction_tablet=&#187;default&#187; column_direction_phone=&#187;default&#187; text_align=&#187;left&#187;][vc_column_inner column_padding=&#187;padding-5-percent&#187; column_padding_tablet=&#187;inherit&#187; column_padding_phone=&#187;inherit&#187; column_padding_position=&#187;all&#187; centered_text=&#187;true&#187; background_color_opacity=&#187;1&#8243; background_hover_color_opacity=&#187;1&#8243; column_shadow=&#187;none&#187; column_border_radius=&#187;none&#187; column_link_target=&#187;_self&#187; gradient_direction=&#187;left_to_right&#187; overlay_strength=&#187;0.3&#8243; width=&#187;1\/1&#8243; tablet_width_inherit=&#187;default&#187; column_border_width=&#187;1px&#187; column_border_color=&#187;#e0e0e0&#8243; column_border_style=&#187;solid&#187; bg_image_animation=&#187;none&#187;][vc_column_text]Sie\u0107 sklep\u00f3w Castorama[\/vc_column_text][divider line_type=&#187;No Line&#187; custom_height=&#187;7&#8243;][image_with_animation image_url=&#187;7847&#8243; animation=&#187;Fade In&#187; hover_animation=&#187;none&#187; alignment=&#187;&#187; border_radius=&#187;none&#187; box_shadow=&#187;none&#187; image_loading=&#187;default&#187; max_width=&#187;100%&#187; max_width_mobile=&#187;default&#187;][\/vc_column_inner][\/vc_row_inner][vc_row_inner column_margin=&#187;default&#187; column_direction=&#187;default&#187; column_direction_tablet=&#187;default&#187; column_direction_phone=&#187;default&#187; text_align=&#187;left&#187;][vc_column_inner column_padding=&#187;padding-5-percent&#187; column_padding_tablet=&#187;inherit&#187; column_padding_phone=&#187;inherit&#187; column_padding_position=&#187;all&#187; centered_text=&#187;true&#187; background_color_opacity=&#187;1&#8243; background_hover_color_opacity=&#187;1&#8243; column_shadow=&#187;none&#187; column_border_radius=&#187;none&#187; column_link_target=&#187;_self&#187; gradient_direction=&#187;left_to_right&#187; overlay_strength=&#187;0.3&#8243; width=&#187;1\/1&#8243; tablet_width_inherit=&#187;default&#187; column_border_width=&#187;1px&#187; column_border_color=&#187;#e0e0e0&#8243; column_border_style=&#187;solid&#187; bg_image_animation=&#187;none&#187;][vc_column_text]Sie\u0107 sklep\u00f3w Grupa PSB tj. Mr\u00f3wka, MiniMr\u00f3wka, PSB Profi[\/vc_column_text][divider line_type=&#187;No Line&#187; custom_height=&#187;7&#8243;][image_with_animation image_url=&#187;7850&#8243; animation=&#187;Fade In&#187; hover_animation=&#187;none&#187; alignment=&#187;&#187; border_radius=&#187;none&#187; box_shadow=&#187;none&#187; image_loading=&#187;default&#187; max_width=&#187;100%&#187; max_width_mobile=&#187;default&#187;][\/vc_column_inner][\/vc_row_inner][vc_row_inner column_margin=&#187;default&#187; column_direction=&#187;default&#187; column_direction_tablet=&#187;default&#187; column_direction_phone=&#187;default&#187; text_align=&#187;left&#187;][vc_column_inner column_padding=&#187;padding-5-percent&#187; column_padding_tablet=&#187;inherit&#187; column_padding_phone=&#187;inherit&#187; column_padding_position=&#187;all&#187; centered_text=&#187;true&#187; background_color_opacity=&#187;1&#8243; background_hover_color_opacity=&#187;1&#8243; column_shadow=&#187;none&#187; column_border_radius=&#187;none&#187; column_link_target=&#187;_self&#187; gradient_direction=&#187;left_to_right&#187; overlay_strength=&#187;0.3&#8243; width=&#187;1\/1&#8243; tablet_width_inherit=&#187;default&#187; column_border_width=&#187;1px&#187; column_border_color=&#187;#e0e0e0&#8243; column_border_style=&#187;solid&#187; bg_image_animation=&#187;none&#187;][vc_column_text]Sie\u0107 sklep\u00f3w Majster budowlane ABC,\u00a0 Majster budowlane Profi i markety Pszcz\u00f3\u0142ka[\/vc_column_text][divider line_type=&#187;No Line&#187; custom_height=&#187;7&#8243;][image_with_animation image_url=&#187;7856&#8243; animation=&#187;Fade In&#187; hover_animation=&#187;none&#187; alignment=&#187;&#187; border_radius=&#187;none&#187; box_shadow=&#187;none&#187; image_loading=&#187;default&#187; max_width=&#187;100%&#187; max_width_mobile=&#187;default&#187;][\/vc_column_inner][\/vc_row_inner][\/vc_column][vc_column column_padding=&#187;no-extra-padding&#187; column_padding_tablet=&#187;inherit&#187; column_padding_phone=&#187;inherit&#187; column_padding_position=&#187;all&#187; background_color_opacity=&#187;1&#8243; background_hover_color_opacity=&#187;1&#8243; column_shadow=&#187;none&#187; column_border_radius=&#187;none&#187; column_link_target=&#187;_self&#187; el_class=&#187;gdziekupic&#187; gradient_direction=&#187;left_to_right&#187; overlay_strength=&#187;0.3&#8243; width=&#187;1\/2&#8243; tablet_width_inherit=&#187;default&#187; tablet_text_alignment=&#187;default&#187; phone_text_alignment=&#187;default&#187; column_border_width=&#187;none&#187; column_border_style=&#187;solid&#187; bg_image_animation=&#187;none&#187;][vc_column_text]<strong>Poza marketami budowlanymi produkty firmy Juco znajdziesz r\u00f3wnie\u017c tutaj:<\/strong>[\/vc_column_text][divider line_type=&#187;No Line&#187; custom_height=&#187;35&#8243;][vc_column_text]\n<table>\n<tbody>\n<tr>\n<td>FIRMA<\/td>\n<td>ADRES<\/td>\n<\/tr>\n<tr>\n<td>&#171;TRAF&#187; Boles\u0142aw Bochenek Sklep METALOWIEC<\/td>\n<td>ul. 1 Maja 20, 59-730 Nowogrodziec<\/td>\n<\/tr>\n<tr>\n<td>REM BUD G. Zi\u00f3\u0142kowski<\/td>\n<td>ul. Nowomiejska 64, 13-306 Kurz\u0119tnik<\/td>\n<\/tr>\n<tr>\n<td>NORMET &#8212; Dominik S\u0142abik<\/td>\n<td>ul. ks. Fiecka 12, 46-081 Dobrze\u0144 Wielki<\/td>\n<\/tr>\n<tr>\n<td>Przedsi\u0119biorstwo Produkcyjno-Us\u0142ugowo-Handlowe Pietraszewski Marek<\/td>\n<td>ul. Aleje Lipowe 1 b, 19-400 Olecko<\/td>\n<\/tr>\n<tr>\n<td>Przedsi\u0119biorstwo Handlowo-Us\u0142ugowe PANDA<br \/>\nSp.j.\u00a0 Stefania i Henryk Kozyra<\/td>\n<td>\u00a0ul. Choje\u0144ska\u00a0 12 a, 74- 400\u00a0 D\u0118BNO<\/td>\n<\/tr>\n<tr>\n<td>BUD MET<\/td>\n<td>\u00a0ul. Rynek 20, 27-320 Solec nad Wis\u0142\u0105<\/td>\n<\/tr>\n<tr>\n<td>METAL PLUS<\/td>\n<td>ul. Grabowska\u00a0 50, 63-510 Mikstat<\/td>\n<\/tr>\n<tr>\n<td>Zak\u0142ad Us\u0142ugowo Handlowy SK\u0141AD BUDOWLANY<\/td>\n<td>ul. Ko\u015bciuszki 3 A, 11-230 Bisztynek<\/td>\n<\/tr>\n<tr>\n<td>Firma Us\u0142ugowo Handlowa MAJSTER<\/td>\n<td>ul.Rynek 1, 37-420 Rudnik nad Sanem<\/td>\n<\/tr>\n<tr>\n<td>F.H.U. Edward Wac\u0142awski Lidzbark<\/td>\n<td>ul. Po\u015bwi\u0119tna 14, 13-230 Lidzbark<\/td>\n<\/tr>\n<tr>\n<td>P.P.H.U. ROL-BUD Jerzy Jaczy\u0144ski<\/td>\n<td>ul. \u0141om\u017cy\u0144ska 25, 19-230\u00a0Szczuczyn<\/td>\n<\/tr>\n<tr>\n<td>PJP Inwestycje Sp. z o.o. sp.k<\/td>\n<td>ul. Szczebrzeska 35a, 22-400 Zamo\u015b\u0107<\/td>\n<\/tr>\n<tr>\n<td>PHUT DRAK<\/td>\n<td>ul. Warszawska 24, 42-439 \u017barnowiec<\/td>\n<\/tr>\n<tr>\n<td>MAJSTERS STYRC GIEDLAROWA<\/td>\n<td>37-300 Giedlarowa 339A Le\u017cajsk<\/td>\n<\/tr>\n<\/tbody>\n<\/table>\n[\/vc_column_text][\/vc_column][\/vc_row][vc_row type=&#187;in_container&#187; full_screen_row_position=&#187;middle&#187; column_margin=&#187;default&#187; column_direction=&#187;default&#187; column_direction_tablet=&#187;default&#187; column_direction_phone=&#187;default&#187; scene_position=&#187;center&#187; top_padding=&#187;80&#8243; text_color=&#187;dark&#187; text_align=&#187;left&#187; row_border_radius=&#187;none&#187; row_border_radius_applies=&#187;bg&#187; overlay_strength=&#187;0.3&#8243; gradient_direction=&#187;left_to_right&#187; shape_divider_position=&#187;bottom&#187; bg_image_animation=&#187;none&#187; shape_type=&#187;&#187;][vc_column column_padding=&#187;no-extra-padding&#187; column_padding_tablet=&#187;inherit&#187; column_padding_phone=&#187;inherit&#187; column_padding_position=&#187;all&#187; background_color_opacity=&#187;1&#8243; background_hover_color_opacity=&#187;1&#8243; column_shadow=&#187;none&#187; column_border_radius=&#187;none&#187; column_link_target=&#187;_self&#187; gradient_direction=&#187;left_to_right&#187; overlay_strength=&#187;0.3&#8243; width=&#187;1\/1&#8243; tablet_width_inherit=&#187;default&#187; tablet_text_alignment=&#187;default&#187; phone_text_alignment=&#187;default&#187; column_border_width=&#187;none&#187; column_border_style=&#187;solid&#187; bg_image_animation=&#187;none&#187;][vc_column_text]\n<h2>\u0423\u0437\u043d\u0430\u0439\u0442\u0435, \u0433\u0434\u0435 \u043c\u043e\u0436\u043d\u043e \u043a\u0443\u043f\u0438\u0442\u044c \u043d\u0430\u0448\u0443 \u043f\u0440\u043e\u0434\u0443\u043a\u0446\u0438\u044e:<\/h2>\n[\/vc_column_text][divider line_type=&#187;Small Line&#187; line_alignment=&#187;default&#187; line_thickness=&#187;4&#8243; divider_color=&#187;accent-color&#187; animate=&#187;yes&#187; custom_height=&#187;70&#8243; custom_line_width=&#187;100&#8243;][vc_raw_html]JTVCd3BzbCU1RA==[\/vc_raw_html][\/vc_column][\/vc_row]\n","protected":false},"excerpt":{"rendered":"<p>[vc_row type=&#187;in_container&#187; full_screen_row_position=&#187;middle&#187; column_margin=&#187;50px&#187; column_direction=&#187;default&#187; column_direction_tablet=&#187;default&#187; column_direction_phone=&#187;default&#187; scene_position=&#187;center&#187; top_padding=&#187;100&#8243; text_color=&#187;dark&#187; text_align=&#187;left&#187; row_border_radius=&#187;none&#187; row_border_radius_applies=&#187;bg&#187; disable_element=&#187;yes&#187; overlay_strength=&#187;0.3&#8243; gradient_direction=&#187;left_to_right&#187; shape_divider_position=&#187;bottom&#187; bg_image_animation=&#187;none&#187; shape_type=&#187;&#187;][vc_column column_padding=&#187;no-extra-padding&#187; column_padding_tablet=&#187;inherit&#187; column_padding_phone=&#187;inherit&#187; column_padding_position=&#187;all&#187; background_color_opacity=&#187;1&#8243; background_hover_color_opacity=&#187;1&#8243; column_shadow=&#187;none&#187; column_border_radius=&#187;none&#187; column_link_target=&#187;_self&#187; gradient_direction=&#187;left_to_right&#187; overlay_strength=&#187;0.3&#8243;&#8230;<\/p>\n","protected":false},"author":2,"featured_media":0,"parent":0,"menu_order":0,"comment_status":"closed","ping_status":"closed","template":"","meta":[],"_links":{"self":[{"href":"https:\/\/juco.com.pl\/ru\/wp-json\/wp\/v2\/pages\/10340"}],"collection":[{"href":"https:\/\/juco.com.pl\/ru\/wp-json\/wp\/v2\/pages"}],"about":[{"href":"https:\/\/juco.com.pl\/ru\/wp-json\/wp\/v2\/types\/page"}],"author":[{"embeddable":true,"href":"https:\/\/juco.com.pl\/ru\/wp-json\/wp\/v2\/users\/2"}],"replies":[{"embeddable":true,"href":"https:\/\/juco.com.pl\/ru\/wp-json\/wp\/v2\/comments?post=10340"}],"version-history":[{"count":1,"href":"https:\/\/juco.com.pl\/ru\/wp-json\/wp\/v2\/pages\/10340\/revisions"}],"predecessor-version":[{"id":10341,"href":"https:\/\/juco.com.pl\/ru\/wp-json\/wp\/v2\/pages\/10340\/revisions\/10341"}],"wp:attachment":[{"href":"https:\/\/juco.com.pl\/ru\/wp-json\/wp\/v2\/media?parent=10340"}],"curies":[{"name":"wp","href":"https:\/\/api.w.org\/{rel}","templated":true}]}}