{"id":10367,"date":"2021-05-31T14:42:25","date_gmt":"2021-05-31T12:42:25","guid":{"rendered":"https:\/\/juco.aveex.net\/?page_id=10367"},"modified":"2021-06-18T14:54:34","modified_gmt":"2021-06-18T12:54:34","slug":"contact","status":"publish","type":"page","link":"https:\/\/juco.com.pl\/en\/contact\/","title":{"rendered":"Contact"},"content":{"rendered":"[vc_row type=&#8221;in_container&#8221; full_screen_row_position=&#8221;middle&#8221; column_margin=&#8221;40px&#8221; column_direction=&#8221;default&#8221; column_direction_tablet=&#8221;default&#8221; column_direction_phone=&#8221;default&#8221; scene_position=&#8221;center&#8221; top_padding=&#8221;100&#8243; bottom_padding=&#8221;100&#8243; text_color=&#8221;dark&#8221; text_align=&#8221;left&#8221; row_border_radius=&#8221;none&#8221; row_border_radius_applies=&#8221;bg&#8221; overlay_strength=&#8221;0.3&#8243; gradient_direction=&#8221;left_to_right&#8221; shape_divider_position=&#8221;bottom&#8221; bg_image_animation=&#8221;none&#8221; shape_type=&#8221;&#8221;][vc_column column_padding=&#8221;no-extra-padding&#8221; column_padding_tablet=&#8221;inherit&#8221; column_padding_phone=&#8221;inherit&#8221; column_padding_position=&#8221;all&#8221; background_color_opacity=&#8221;1&#8243; background_hover_color_opacity=&#8221;1&#8243; column_shadow=&#8221;none&#8221; column_border_radius=&#8221;none&#8221; column_link_target=&#8221;_self&#8221; gradient_direction=&#8221;left_to_right&#8221; overlay_strength=&#8221;0.3&#8243; width=&#8221;1\/3&#8243; tablet_width_inherit=&#8221;default&#8221; tablet_text_alignment=&#8221;default&#8221; phone_text_alignment=&#8221;default&#8221; column_border_width=&#8221;none&#8221; column_border_style=&#8221;solid&#8221; bg_image_animation=&#8221;none&#8221;][vc_row_inner column_margin=&#8221;default&#8221; column_direction=&#8221;default&#8221; column_direction_tablet=&#8221;default&#8221; column_direction_phone=&#8221;default&#8221; text_align=&#8221;left&#8221;][vc_column_inner column_padding=&#8221;padding-5-percent&#8221; column_padding_tablet=&#8221;inherit&#8221; column_padding_phone=&#8221;inherit&#8221; column_padding_position=&#8221;all&#8221; background_color=&#8221;#f4f4f4&#8243; background_color_opacity=&#8221;1&#8243; background_hover_color_opacity=&#8221;1&#8243; column_shadow=&#8221;none&#8221; column_border_radius=&#8221;5px&#8221; column_link_target=&#8221;_self&#8221; gradient_direction=&#8221;left_to_right&#8221; overlay_strength=&#8221;0.3&#8243; width=&#8221;1\/1&#8243; tablet_width_inherit=&#8221;default&#8221; column_border_width=&#8221;none&#8221; column_border_style=&#8221;solid&#8221; bg_image_animation=&#8221;none&#8221;][image_with_animation image_url=&#8221;6815&#8243; animation=&#8221;Fade In&#8221; hover_animation=&#8221;none&#8221; alignment=&#8221;&#8221; border_radius=&#8221;none&#8221; box_shadow=&#8221;none&#8221; image_loading=&#8221;default&#8221; max_width=&#8221;50%&#8221; max_width_mobile=&#8221;default&#8221;][divider line_type=&#8221;No Line&#8221; custom_height=&#8221;30&#8243;][vc_column_text]<b>Producent Narz\u0119dzi<br \/>\nJUCO Sp\u00f3\u0142ka z o.o.<\/b><br \/>\nul. Wolno\u015bci 21<br \/>\n32-440 Su\u0142kowice<br \/>\nNIP 681 18 18 163<br \/>\nKRS 0000073257<\/p>\n<p><small>S\u0105d Rejonowy dla Krakowa-\u015ar\u00f3dmie\u015bcia w Krakowie XII Wydzia\u0142 Gospodarczy Krajowego Rejestru S\u0105dowego<br \/>\nKapita\u0142 zak\u0142adowy: 2.000.000 z\u0142<\/small>[\/vc_column_text][\/vc_column_inner][\/vc_row_inner][\/vc_column][vc_column column_padding=&#8221;no-extra-padding&#8221; column_padding_tablet=&#8221;inherit&#8221; column_padding_phone=&#8221;inherit&#8221; column_padding_position=&#8221;all&#8221; background_color_opacity=&#8221;1&#8243; background_hover_color_opacity=&#8221;1&#8243; column_shadow=&#8221;none&#8221; column_border_radius=&#8221;none&#8221; column_link_target=&#8221;_self&#8221; gradient_direction=&#8221;left_to_right&#8221; overlay_strength=&#8221;0.3&#8243; width=&#8221;2\/3&#8243; tablet_width_inherit=&#8221;default&#8221; tablet_text_alignment=&#8221;default&#8221; phone_text_alignment=&#8221;default&#8221; column_border_width=&#8221;none&#8221; column_border_style=&#8221;solid&#8221; bg_image_animation=&#8221;none&#8221;][vc_column_text]\n<h3>Contact details:<\/h3>\n<table>\n<tbody>\n<tr>\n<td><strong>Department<\/strong><\/td>\n<td>Phone<\/td>\n<td>E-mail<\/td>\n<\/tr>\n<tr>\n<td><strong>Secretary&#8217;s office <\/strong><\/td>\n<td>+48 122 732 030<\/td>\n<td><a href=\"mailto:biuro@juco.com.pl\">biuro@juco.com.pl<\/a><\/td>\n<\/tr>\n<tr>\n<td><strong>Accounting Department<\/strong><\/td>\n<td>+48 604 961 446<\/td>\n<td><a href=\"mailto:e-faktury@juco.com.pl\">e-faktury@juco.com.pl<\/a><\/td>\n<\/tr>\n<tr>\n<td><strong>HR Department<\/strong><\/td>\n<td>+48 122 732 116<\/td>\n<td><a href=\"mailto:kadry@juco.com.pl\">kadry@juco.com.pl<\/a><\/td>\n<\/tr>\n<tr>\n<td><strong>Supply Department<\/strong><\/td>\n<td>+48 122 732 162<\/td>\n<td><a href=\"mailto:zaopatrzenie@juco.com.pl\">zaopatrzenie@juco.com.pl<\/a><\/td>\n<\/tr>\n<tr>\n<td rowspan=\"2\" width=\"163\"><strong>Domestic Sales and Trade Department<\/strong><\/td>\n<td>+48 122 732 231<\/td>\n<td rowspan=\"2\"><a href=\"mailto:juco@juco.com.pl\">juco@juco.com.pl<\/a><\/td>\n<\/tr>\n<tr>\n<td>+48 122 732 184<\/td>\n<\/tr>\n<tr>\n<td><strong>Export Department<\/strong><\/td>\n<td>+48 122 732 157<\/td>\n<td><a href=\"mailto:d.swiatlon@juco.com.pl\">d.swiatlon@juco.com.pl<\/a><\/td>\n<\/tr>\n<tr>\n<td><strong>Marketing Department<\/strong><\/td>\n<td>+48 122 732 184<\/td>\n<td><a href=\"mailto:b.swiatlon@juco.com.pl\">b.swiatlon@juco.com.pl<\/a><\/td>\n<\/tr>\n<tr>\n<td><strong>Production Department<\/strong><\/td>\n<td>+48 122 732 157<\/td>\n<td><a href=\"mailto:staszek@juco.com.pl\">staszek@juco.com.pl<\/a><\/td>\n<\/tr>\n<\/tbody>\n<\/table>\n[\/vc_column_text][\/vc_column][\/vc_row][vc_row type=&#8221;full_width_content&#8221; full_screen_row_position=&#8221;middle&#8221; column_margin=&#8221;default&#8221; column_direction=&#8221;default&#8221; column_direction_tablet=&#8221;default&#8221; column_direction_phone=&#8221;default&#8221; bg_color=&#8221;#ffffff&#8221; scene_position=&#8221;center&#8221; text_color=&#8221;dark&#8221; text_align=&#8221;left&#8221; row_border_radius=&#8221;none&#8221; row_border_radius_applies=&#8221;bg&#8221; overlay_strength=&#8221;0.3&#8243; gradient_direction=&#8221;left_to_right&#8221; shape_divider_position=&#8221;bottom&#8221; bg_image_animation=&#8221;none&#8221; shape_type=&#8221;&#8221;][vc_column column_padding=&#8221;no-extra-padding&#8221; column_padding_tablet=&#8221;inherit&#8221; column_padding_phone=&#8221;inherit&#8221; column_padding_position=&#8221;all&#8221; background_color_opacity=&#8221;1&#8243; background_hover_color_opacity=&#8221;1&#8243; column_shadow=&#8221;none&#8221; column_border_radius=&#8221;none&#8221; column_link_target=&#8221;_self&#8221; gradient_direction=&#8221;left_to_right&#8221; overlay_strength=&#8221;0.3&#8243; width=&#8221;1\/1&#8243; tablet_width_inherit=&#8221;default&#8221; tablet_text_alignment=&#8221;default&#8221; phone_text_alignment=&#8221;default&#8221; column_border_width=&#8221;none&#8221; column_border_style=&#8221;solid&#8221; bg_image_animation=&#8221;none&#8221;][nectar_gmap map_type=&#8221;google&#8221; zoom=&#8221;6&#8243; enable_zoom=&#8221;1&#8243; marker_style=&#8221;default&#8221; nectar_marker_color=&#8221;accent-color&#8221; size=&#8221;600&#8243; map_center_lat=&#8221;50.98551588248587&#8243; map_center_lng=&#8221;25.334866656250604&#8243; map_markers=&#8221;49.835302|19.807574|Juco Polska<br \/>\n50.6896173180067|30.75516754266383|Juco Ukraine&#8221;][\/vc_column][\/vc_row]\n","protected":false},"excerpt":{"rendered":"<p>[vc_row type=&#8221;in_container&#8221; full_screen_row_position=&#8221;middle&#8221; column_margin=&#8221;40px&#8221; column_direction=&#8221;default&#8221; column_direction_tablet=&#8221;default&#8221; column_direction_phone=&#8221;default&#8221; scene_position=&#8221;center&#8221; top_padding=&#8221;100&#8243; bottom_padding=&#8221;100&#8243; text_color=&#8221;dark&#8221; text_align=&#8221;left&#8221; row_border_radius=&#8221;none&#8221; row_border_radius_applies=&#8221;bg&#8221; overlay_strength=&#8221;0.3&#8243; gradient_direction=&#8221;left_to_right&#8221; shape_divider_position=&#8221;bottom&#8221; bg_image_animation=&#8221;none&#8221; shape_type=&#8221;&#8221;][vc_column column_padding=&#8221;no-extra-padding&#8221; column_padding_tablet=&#8221;inherit&#8221; column_padding_phone=&#8221;inherit&#8221; column_padding_position=&#8221;all&#8221; background_color_opacity=&#8221;1&#8243; background_hover_color_opacity=&#8221;1&#8243; column_shadow=&#8221;none&#8221; column_border_radius=&#8221;none&#8221; column_link_target=&#8221;_self&#8221; gradient_direction=&#8221;left_to_right&#8221; overlay_strength=&#8221;0.3&#8243;&#8230;<\/p>\n","protected":false},"author":2,"featured_media":0,"parent":0,"menu_order":0,"comment_status":"closed","ping_status":"closed","template":"","meta":[],"_links":{"self":[{"href":"https:\/\/juco.com.pl\/en\/wp-json\/wp\/v2\/pages\/10367"}],"collection":[{"href":"https:\/\/juco.com.pl\/en\/wp-json\/wp\/v2\/pages"}],"about":[{"href":"https:\/\/juco.com.pl\/en\/wp-json\/wp\/v2\/types\/page"}],"author":[{"embeddable":true,"href":"https:\/\/juco.com.pl\/en\/wp-json\/wp\/v2\/users\/2"}],"replies":[{"embeddable":true,"href":"https:\/\/juco.com.pl\/en\/wp-json\/wp\/v2\/comments?post=10367"}],"version-history":[{"count":6,"href":"https:\/\/juco.com.pl\/en\/wp-json\/wp\/v2\/pages\/10367\/revisions"}],"predecessor-version":[{"id":12645,"href":"https:\/\/juco.com.pl\/en\/wp-json\/wp\/v2\/pages\/10367\/revisions\/12645"}],"wp:attachment":[{"href":"https:\/\/juco.com.pl\/en\/wp-json\/wp\/v2\/media?parent=10367"}],"curies":[{"name":"wp","href":"https:\/\/api.w.org\/{rel}","templated":true}]}}